{"id":271,"date":"2024-08-21T18:47:49","date_gmt":"2024-08-21T18:47:49","guid":{"rendered":"https:\/\/simple-creators.de\/?page_id=271"},"modified":"2024-08-22T00:20:02","modified_gmt":"2024-08-22T00:20:02","slug":"raben","status":"publish","type":"page","link":"https:\/\/simple-creators.de\/?page_id=271","title":{"rendered":"Raben"},"content":{"rendered":"\n<p>Raben haben in verschiedenen Kulturen und Mythologien eine bedeutende und oft mystische Rolle gespielt. Ihre Intelligenz, ihr schwarzes Gefieder und ihr geheimnisvolles Wesen haben die Menschen seit jeher fasziniert und zu vielf\u00e4ltigen Interpretationen inspiriert.<\/p>\n\n\n\n<h2 class=\"wp-block-heading\">Raben in der Mythologie<\/h2>\n\n\n\n<p>In der germanischen Mythologie waren Raben eng mit dem Gott Odin verbunden. Er besa\u00df zwei Raben namens Huginn und Muninn, die als seine Boten fungierten und ihm t\u00e4glich Nachrichten aus der Welt \u00fcberbrachten. Dies verlieh den Raben den Status g\u00f6ttlicher V\u00f6gel und machte sie zu Symbolen der Weisheit und des Wissens. Bei den nordwestamerikanischen Indianerst\u00e4mmen genossen Raben ebenfalls hohes Ansehen. Sie wurden als gottgleiche Wesen betrachtet, denen man die Erschaffung von Bergen, Fl\u00fcssen und sogar Himmelsk\u00f6rpern zuschrieb. Diese positive Sichtweise steht im starken Kontrast zur sp\u00e4teren europ\u00e4ischen Wahrnehmung.<\/p>\n\n\n<div class=\"pgc-sgb-cb wp-block-pgcsimplygalleryblock-grid \" data-gallery-id=\"91805820\"><div class=\"sgb-preloader\" id=\"pr_91805820\">\n\t<div class=\"sgb-square\" style=\"background:#d4d4d4\"><\/div>\n\t<div class=\"sgb-square\" style=\"background:#d4d4d4\"><\/div>\n\t<div class=\"sgb-square\" style=\"background:#d4d4d4\"><\/div>\n\t<div class=\"sgb-square\" style=\"background:#d4d4d4\"><\/div><\/div><div class=\"simply-gallery-amp pgc_sgb_slider \" style=\"display: none;\"><div class=\"sgb-gallery\"><div class=\"sgb-item\"><a href=\"https:\/\/simple-creators.de\/?attachment_id=273\" target=\"_blank\"><img decoding=\"async\" alt=\"\" width=\"300\" height=\"300\" loading=\"lazy\" src=\"https:\/\/simple-creators.de\/wp-content\/uploads\/2024\/08\/00442-3715093232-300x300.jpg\" srcset=\"https:\/\/simple-creators.de\/wp-content\/uploads\/2024\/08\/00442-3715093232-300x300.jpg 300w,https:\/\/simple-creators.de\/wp-content\/uploads\/2024\/08\/00442-3715093232.jpg 1024w\" sizes=\"auto, 250px\"\/><\/a><\/div><div class=\"sgb-item\"><a href=\"https:\/\/simple-creators.de\/?attachment_id=274\" target=\"_blank\"><img decoding=\"async\" alt=\"\" width=\"300\" height=\"300\" loading=\"lazy\" src=\"https:\/\/simple-creators.de\/wp-content\/uploads\/2024\/08\/00443-4234119496-300x300.jpg\" srcset=\"https:\/\/simple-creators.de\/wp-content\/uploads\/2024\/08\/00443-4234119496-300x300.jpg 300w,https:\/\/simple-creators.de\/wp-content\/uploads\/2024\/08\/00443-4234119496.jpg 1024w\" sizes=\"auto, 250px\"\/><\/a><\/div><div class=\"sgb-item\"><a href=\"https:\/\/simple-creators.de\/?attachment_id=275\" target=\"_blank\"><img decoding=\"async\" alt=\"\" width=\"300\" height=\"300\" loading=\"lazy\" src=\"https:\/\/simple-creators.de\/wp-content\/uploads\/2024\/08\/00446-1599338580-300x300.jpg\" srcset=\"https:\/\/simple-creators.de\/wp-content\/uploads\/2024\/08\/00446-1599338580-300x300.jpg 300w,https:\/\/simple-creators.de\/wp-content\/uploads\/2024\/08\/00446-1599338580.jpg 1024w\" sizes=\"auto, 250px\"\/><\/a><\/div><\/div><\/div><script type=\"application\/json\" class=\"sgb-data\">{\"galleryType\":\"pgc_sgb_grid\",\"galleryId\":\"91805820\",\"images\":[{\"id\":273,\"title\":\"00442-3715093232\",\"url\":\"https:\/\/simple-creators.de\/wp-content\/uploads\/2024\/08\/00442-3715093232.jpg\",\"link\":\"https:\/\/simple-creators.de\/?attachment_id=273\",\"alt\":\"\",\"description\":\"\",\"caption\":\"\",\"mime\":\"image\/jpeg\",\"type\":\"image\",\"width\":1024,\"height\":1024,\"sizes\":{\"thumbnail\":{\"height\":150,\"width\":150,\"url\":\"https:\/\/simple-creators.de\/wp-content\/uploads\/2024\/08\/00442-3715093232-150x150.jpg\",\"orientation\":\"landscape\"},\"medium\":{\"height\":300,\"width\":300,\"url\":\"https:\/\/simple-creators.de\/wp-content\/uploads\/2024\/08\/00442-3715093232-300x300.jpg\",\"orientation\":\"landscape\"},\"full\":{\"url\":\"https:\/\/simple-creators.de\/wp-content\/uploads\/2024\/08\/00442-3715093232.jpg\",\"height\":1024,\"width\":1024,\"orientation\":\"landscape\"}},\"imageMeta\":{\"aperture\":\"0\",\"credit\":\"\",\"camera\":\"\",\"caption\":\"\",\"created_timestamp\":\"0\",\"copyright\":\"\",\"focal_length\":\"0\",\"iso\":\"0\",\"shutter_speed\":\"0\",\"title\":\"\",\"orientation\":\"0\",\"keywords\":[]},\"meta\":false,\"postlink\":\"https:\/\/simple-creators.de\/?attachment_id=273\"},{\"id\":274,\"title\":\"00443-4234119496\",\"url\":\"https:\/\/simple-creators.de\/wp-content\/uploads\/2024\/08\/00443-4234119496.jpg\",\"link\":\"https:\/\/simple-creators.de\/?attachment_id=274\",\"alt\":\"\",\"description\":\"\",\"caption\":\"\",\"mime\":\"image\/jpeg\",\"type\":\"image\",\"width\":1024,\"height\":1024,\"sizes\":{\"thumbnail\":{\"height\":150,\"width\":150,\"url\":\"https:\/\/simple-creators.de\/wp-content\/uploads\/2024\/08\/00443-4234119496-150x150.jpg\",\"orientation\":\"landscape\"},\"medium\":{\"height\":300,\"width\":300,\"url\":\"https:\/\/simple-creators.de\/wp-content\/uploads\/2024\/08\/00443-4234119496-300x300.jpg\",\"orientation\":\"landscape\"},\"full\":{\"url\":\"https:\/\/simple-creators.de\/wp-content\/uploads\/2024\/08\/00443-4234119496.jpg\",\"height\":1024,\"width\":1024,\"orientation\":\"landscape\"}},\"imageMeta\":{\"aperture\":\"0\",\"credit\":\"\",\"camera\":\"\",\"caption\":\"\",\"created_timestamp\":\"0\",\"copyright\":\"\",\"focal_length\":\"0\",\"iso\":\"0\",\"shutter_speed\":\"0\",\"title\":\"\",\"orientation\":\"0\",\"keywords\":[]},\"meta\":false,\"postlink\":\"https:\/\/simple-creators.de\/?attachment_id=274\"},{\"id\":275,\"title\":\"00446-1599338580\",\"url\":\"https:\/\/simple-creators.de\/wp-content\/uploads\/2024\/08\/00446-1599338580.jpg\",\"link\":\"https:\/\/simple-creators.de\/?attachment_id=275\",\"alt\":\"\",\"description\":\"\",\"caption\":\"\",\"mime\":\"image\/jpeg\",\"type\":\"image\",\"width\":1024,\"height\":1024,\"sizes\":{\"thumbnail\":{\"height\":150,\"width\":150,\"url\":\"https:\/\/simple-creators.de\/wp-content\/uploads\/2024\/08\/00446-1599338580-150x150.jpg\",\"orientation\":\"landscape\"},\"medium\":{\"height\":300,\"width\":300,\"url\":\"https:\/\/simple-creators.de\/wp-content\/uploads\/2024\/08\/00446-1599338580-300x300.jpg\",\"orientation\":\"landscape\"},\"full\":{\"url\":\"https:\/\/simple-creators.de\/wp-content\/uploads\/2024\/08\/00446-1599338580.jpg\",\"height\":1024,\"width\":1024,\"orientation\":\"landscape\"}},\"imageMeta\":{\"aperture\":\"0\",\"credit\":\"\",\"camera\":\"\",\"caption\":\"\",\"created_timestamp\":\"0\",\"copyright\":\"\",\"focal_length\":\"0\",\"iso\":\"0\",\"shutter_speed\":\"0\",\"title\":\"\",\"orientation\":\"0\",\"keywords\":[]},\"meta\":false,\"postlink\":\"https:\/\/simple-creators.de\/?attachment_id=275\"}],\"itemsMetaDataCollection\":[]}<\/script><script>(function(){if(window.PGC_SGB && window.PGC_SGB.searcher){window.PGC_SGB.searcher.initBlocks()}})()<\/script><\/div>","protected":false},"excerpt":{"rendered":"<p>Raben haben in verschiedenen Kulturen und Mythologien eine bedeutende und oft mystische Rolle gespielt. Ihre Intelligenz, ihr schwarzes Gefieder und<\/p>\n<p><a href=\"https:\/\/simple-creators.de\/?page_id=271\" class=\"more-link\">Continue reading<span class=\"screen-reader-text\">Raben<\/span><\/a><\/p>\n","protected":false},"author":1,"featured_media":0,"parent":2,"menu_order":0,"comment_status":"closed","ping_status":"closed","template":"","meta":{"pgc_sgb_lightbox_settings":"","footnotes":""},"class_list":["post-271","page","type-page","status-publish","hentry"],"_links":{"self":[{"href":"https:\/\/simple-creators.de\/index.php?rest_route=\/wp\/v2\/pages\/271","targetHints":{"allow":["GET"]}}],"collection":[{"href":"https:\/\/simple-creators.de\/index.php?rest_route=\/wp\/v2\/pages"}],"about":[{"href":"https:\/\/simple-creators.de\/index.php?rest_route=\/wp\/v2\/types\/page"}],"author":[{"embeddable":true,"href":"https:\/\/simple-creators.de\/index.php?rest_route=\/wp\/v2\/users\/1"}],"replies":[{"embeddable":true,"href":"https:\/\/simple-creators.de\/index.php?rest_route=%2Fwp%2Fv2%2Fcomments&post=271"}],"version-history":[{"count":2,"href":"https:\/\/simple-creators.de\/index.php?rest_route=\/wp\/v2\/pages\/271\/revisions"}],"predecessor-version":[{"id":284,"href":"https:\/\/simple-creators.de\/index.php?rest_route=\/wp\/v2\/pages\/271\/revisions\/284"}],"up":[{"embeddable":true,"href":"https:\/\/simple-creators.de\/index.php?rest_route=\/wp\/v2\/pages\/2"}],"wp:attachment":[{"href":"https:\/\/simple-creators.de\/index.php?rest_route=%2Fwp%2Fv2%2Fmedia&parent=271"}],"curies":[{"name":"wp","href":"https:\/\/api.w.org\/{rel}","templated":true}]}}